{"id":490,"date":"2023-05-07T11:09:36","date_gmt":"2023-05-07T09:09:36","guid":{"rendered":"https:\/\/www.comitrdejumelage.ville-magenta.fr\/?page_id=490"},"modified":"2023-05-07T11:26:23","modified_gmt":"2023-05-07T09:26:23","slug":"490-2","status":"publish","type":"page","link":"https:\/\/www.comitrdejumelage.ville-magenta.fr\/index.php\/490-2\/","title":{"rendered":"La bataille de Magenta"},"content":{"rendered":"<div class=\"et_d4_element et_pb_section et_pb_section_0  et_pb_css_mix_blend_mode et_section_regular et_block_section\" >\n\t\t\t\t\n\t\t\t\t\n\t\t\t\t\n\t\t\t\t\n\t\t\t\t\n\t\t\t\t\n\t\t\t\t<div class=\"et_d4_element et_pb_row et_pb_row_0 et_pb_gutters2  et_pb_css_mix_blend_mode et_block_row\">\n\t\t\t\t<div class=\"et_d4_element et_pb_column_1_2 et_pb_column et_pb_column_0  et_pb_css_mix_blend_mode et_block_column\">\n\t\t\t\t\n\t\t\t\t\n\t\t\t\t\n\t\t\t\t\n\t\t\t\t<div class=\"et_pb_module et_d4_element et_pb_text et_pb_text_0  et_pb_text_align_left et_pb_bg_layout_light\">\n\t\t\t\t\n\t\t\t\t\n\t\t\t\t\n\t\t\t\t\n\t\t\t\t<div class=\"et_pb_text_inner\"><p>La bataille de Magenta<\/p><\/div>\n\t\t\t<\/div><div class=\"et_pb_module et_d4_element et_pb_image et_pb_image_0\">\n\t\t\t\t\n\t\t\t\t\n\t\t\t\t\n\t\t\t\t\n\t\t\t\t<a href=\"https:\/\/www.comitrdejumelage.ville-magenta.fr\/wp-content\/uploads\/2023\/05\/battaglia.jpeg\" class=\"et_pb_lightbox_image\" title=\"\"><span class=\"et_pb_image_wrap \"><img loading=\"lazy\" decoding=\"async\" width=\"1433\" height=\"952\" src=\"https:\/\/www.comitrdejumelage.ville-magenta.fr\/wp-content\/uploads\/2023\/05\/battaglia.jpeg\" alt=\"\" title=\"battaglia\" srcset=\"https:\/\/www.comitrdejumelage.ville-magenta.fr\/wp-content\/uploads\/2023\/05\/battaglia.jpeg 1433w, https:\/\/www.comitrdejumelage.ville-magenta.fr\/wp-content\/uploads\/2023\/05\/battaglia-1280x850.jpeg 1280w, https:\/\/www.comitrdejumelage.ville-magenta.fr\/wp-content\/uploads\/2023\/05\/battaglia-980x651.jpeg 980w, https:\/\/www.comitrdejumelage.ville-magenta.fr\/wp-content\/uploads\/2023\/05\/battaglia-480x319.jpeg 480w\" sizes=\"(min-width: 0px) and (max-width: 480px) 480px, (min-width: 481px) and (max-width: 980px) 980px, (min-width: 981px) and (max-width: 1280px) 1280px, (min-width: 1281px) 1433px, 100vw\" class=\"wp-image-492\" \/><\/span><\/a>\n\t\t\t<\/div><div class=\"et_pb_module et_d4_element et_pb_text et_pb_text_1  et_pb_text_align_left et_pb_bg_layout_light\">\n\t\t\t\t\n\t\t\t\t\n\t\t\t\t\n\t\t\t\t\n\t\t\t\t<div class=\"et_pb_text_inner\"><p style=\"text-align: justify;\">En juillet 1858, Cavour rencontre secr\u00e8tement Napol\u00e9on III \u00e0 Plombi\u00e8res. Selon les accords stipul\u00e9s, la France aidera le Pi\u00e9mont en cas d'attaque autrichienne et, une fois la guerre gagn\u00e9e, l'Italie devra \u00eatre divis\u00e9e en trois royaumes, organis\u00e9s en conf\u00e9d\u00e9ration sous la pr\u00e9sidence d'honneur du Pape. Nice et la Savoie seront le prix territorial de l'aide fran\u00e7aise. Le 10 d\u00e9cembre, la France et le Pi\u00e9mont signent un trait\u00e9 formel d'alliance. Le 10 janvier 1859, Vittorio Emanuele II, dans le discours d'ouverture du Parlement, dont le texte fut convenu entre Cavour et Napol\u00e9on III, d\u00e9clara : \u00ab ..Nous ne sommes pas insensibles au cri de douleur qui monte vers notre\u2026 \u00bb. Les \u00e9chos sont immenses dans toute la p\u00e9ninsule : les Lombards affichent leur enthousiasme, tandis que les volontaires traversent le Tessin pour rejoindre les Pi\u00e9montais. Le 23 avril, l'Autriche envoie un ultimatum au Pi\u00e9mont ordonnant son d\u00e9sarmement dans les trois jours. C'est l'occasion patiemment attendue par Cavour de d\u00e9clencher la guerre. Une fois le temps pr\u00e9vu expir\u00e9, les Autrichiens envahissent le Pi\u00e9mont avec l'intention de vaincre l'arm\u00e9e sarde avant l'arriv\u00e9e de l'alli\u00e9. Les Pi\u00e9montais entravent l'avanc\u00e9e du mar\u00e9chal Ferencz Gyulaj en inondant les rizi\u00e8res de la Lomellina et de Vercelli ; les Fran\u00e7ais atteignent rapidement le champ de bataille par le Moncenisio et depuis G\u00eanes. Le 20 mai, les Autrichiens sont battus \u00e0 Montebello. Alors que Gyulaj attend le passage de l'ennemi autour de Plaisance avec le gros de ses troupes, Napol\u00e9on III le trompe en franchissant le P\u00f4 \u00e0 Casale et en se d\u00e9pla\u00e7ant rapidement, au moyen du chemin de fer, l'arm\u00e9e fran\u00e7aise du secteur d'Alexandrie \u00e0 celui de Novare pour pointer vers Milan. Le plan franco-pi\u00e9montais consistait \u00e0 converger vers Magenta dans deux directions : depuis Turbigo et depuis le pont sur le Tessin sur la route entre Milan et Novare. L'effort majeur est soutenu par les Fran\u00e7ais, tandis que l'arm\u00e9e pi\u00e9montaise a pour t\u00e2che de suivre les troupes qui partiront de Turbigo et d'intervenir en cas de besoin. Ce n'est qu'apr\u00e8s les d\u00e9faites subies les 30 et 31 mai \u00e0 Vinzaglio et Palestro que le commandement austro-hongrois s'est rendu compte du pi\u00e8ge et a ordonn\u00e9 que le gros de l'arm\u00e9e soit d\u00e9plac\u00e9 de Lomellina \u00e0 Magenta, via Vigevano et Abbiategrasso; la d\u00e9fense est dispos\u00e9e le long du Naviglio, esp\u00e9rant faire sauter les ponts de Robecco, Pontevecchio, Pontenuovo et Boffalora. Les Imp\u00e9riaux se replient en \u00e9tablissant une ligne d\u00e9fensive entre Naviglio Grande et le Tessin en faisant sauter le grand pont napol\u00e9onien entre Magenta et Trecate. Mais le pont sur le Tessin, que les Fran\u00e7ais appelaient San Martino ou Boffalora, n'a \u00e9t\u00e9 que partiellement endommag\u00e9. Nous pensons \u00e0 une faille dans les accusations, plus tard, il s'av\u00e8re qu'il s'agissait d'un v\u00e9ritable acte de sabotage. La compagnie Badoni de Lecco avait re\u00e7u l'ordre, du commandement autrichien, de saper le pont sous la direction de l'ing\u00e9nieur milanais Marcello Rougier. Ceux-ci, dans un esprit patriotique, ralentissent les op\u00e9rations de forage pour ins\u00e9rer l'explosif dans les arches et placer les charges aux points non vitaux. En raison de la pression de la bataille, les Autrichiens sont contraints de mettre le feu aux m\u00e8ches \u00e0 la h\u00e2te. Ils sont d\u00e9concert\u00e9s quand, \u00e0 partir des lignes de Pontenuovo, apr\u00e8s l'explosion, ils s'aper\u00e7oivent que les deux premi\u00e8res arches du pont sur la rive lombarde se sont repli\u00e9es sur elles-m\u00eames, permettant encore le passage des troupes fran\u00e7aises. Dans la nuit du 2 au 3 juin, le g\u00e9nie fran\u00e7ais, prot\u00e9g\u00e9 par l'artillerie, jette un pont flottant de 180 m\u00e8tres devant Turbigo. Le passage du 2e corps d'arm\u00e9e sous le commandement du g\u00e9n. Patrice Edme de Mac Mahon soutenant les premiers affrontements \u00e0 Turbigo et Robecchetto. Le matin du 4, Mac Mahon divise ses troupes en deux colonnes dirigeant la 2e division du g\u00e9n\u00e9ral.<\/p><\/div>\n\t\t\t<\/div>\n\t\t\t<\/div><div class=\"et_d4_element et_pb_column_1_2 et_pb_column et_pb_column_1  et_pb_css_mix_blend_mode et-last-child et_block_column\">\n\t\t\t\t\n\t\t\t\t\n\t\t\t\t\n\t\t\t\t\n\t\t\t\t<div class=\"et_pb_module et_d4_element et_pb_text et_pb_text_2  et_pb_text_align_left et_pb_bg_layout_light\">\n\t\t\t\t\n\t\t\t\t\n\t\t\t\t\n\t\t\t\t\n\t\t\t\t<div class=\"et_pb_text_inner\"><p style=\"text-align: justify;\">Espinasse vers Marcallo et la 1\u00e8re Div : de La Motterouge vers Boffalora. Pendant ce temps, les troupes autrichiennes tardent \u00e0 arriver de la Lomellina, et il ne reste que 20 \u00e0 25 000 hommes du g\u00e9n\u00e9ral Clam-Gallas pour d\u00e9fendre la ligne du Naviglio, qui range ses troupes en triangle, avec les chefs \u00e0 Magenta, Boffalora et Marcallo. D\u00e8s que Napol\u00e9on II entend le canon tonner depuis son observatoire de la tour de San Martino al Basto, sur la rive pi\u00e9montaise du Tessin, convaincu que l'attaque de Mac Mahon est en cours, il ordonne aux troupes qui attendent de se diriger vers les ponts du Naviglio Grande de Boffalora, Ponte Vecchio et Ponte Nuovo. Les Autrichiens font sauter les deux premiers ; le d\u00e9clencheur qui aurait fait exploser les charges pour d\u00e9truire le pont douanier ne fonctionne pas. Celles-ci, avec le pont de chemin de fer, quelques centaines de m\u00e8tres plus loin en aval, sont les seuls passages permettant de rejoindre la rive gauche du canal. Mais Mac Mahon attend toujours de coordonner les mouvements de ses colonnes et le 3e corps d'arm\u00e9e fran\u00e7ais tarde \u00e0 arriver, de Novare, sur le champ de bataille. Avec son \u00e9tat-major il chevauche vers son aile gauche l\u00e0 o\u00f9 Camou et Espinasse devraient se trouver.Il traverse les champs vers Mesero et sans s'en rendre compte traverse aussi quelques avant-postes imp\u00e9riaux qui restent immobilis\u00e9s par la surprise qui se r\u00e9p\u00e8te lorsque le groupe, apr\u00e8s avoir pris des dispositions pour l'avance sur Marcallo et Magenta, revient reprendre l'attaque sur Boffalora. Entre-temps, le gros des troupes autrichiennes commence \u00e0 arriver d'Abbiategrasso, dont l'entr\u00e9e en ligne rend la situation critique pour les Fran\u00e7ais \u00e0 tel point qu'un t\u00e9l\u00e9gramme est envoy\u00e9 \u00e0 Vienne annon\u00e7ant une victoire \u00e9crasante. La bataille s'\u00e9chauffe autour de Pontenuovo ; les attaques et retraites fran\u00e7aises r\u00e9p\u00e9t\u00e9es laissent un grand nombre de victimes sur le terrain. Sept fois ils conqui\u00e8rent et perdent le pont. Des renforts sont demand\u00e9s \u00e0 l'Empereur, mais la r\u00e9ponse est n\u00e9gative. Il ne reste plus que la Garde. Dans les affrontements tombe le gen. Cl\u00e8r et dans la confusion son corps reste aux mains de l'ennemi ; sera r\u00e9cup\u00e9r\u00e9 plusieurs heures apr\u00e8s avoir \u00e9t\u00e9 d\u00e9pouill\u00e9 de ses armes et de ses grades. Apr\u00e8s de violents combats \u00e0 l'issue incertaine, les Fran\u00e7ais ne parviennent \u00e0 franchir le Ponte Nuovo que lorsque les Autrichiens, menac\u00e9s sur le flanc droit par Mac Mahon, qui a repris l'attaque \u00e0 Boffalora, se replient sur Magenta. Les points de d\u00e9fense sont : le cimeti\u00e8re, sur la route du Ponte Vecchio, l'ancienne \u00e9glise paroissiale de San Martino, la voie ferr\u00e9e et la Casa Giacobbe, le premier b\u00e2timent au nord du village. La bataille fait rage autour de la gare de Magenta. Les Austro-Hongrois ont plac\u00e9 des canons le long de la voie ferr\u00e9e. Ils ont rapidement abandonn\u00e9 leurs positions et se sont retir\u00e9s dans leurs maisons pour d\u00e9fendre le terrain pouce par pouce. G\u00e9n. Espinasse est touch\u00e9 pr\u00e8s de Casa Giacobbe, mais sa colonne et celle de Mac Mahon d'une man\u0153uvre en tenailles, franchissent le talus de la voie ferr\u00e9e et attaquent l'ennemi retranch\u00e9 dans le village. Casa Giacobbe est conquise par les zouaves d'Espinasse qui, pour se venger du commandant, ne font pas prisonniers les cent Kaiserjager qui la gardaient en tirant sur eux. Vers le soir, les Bersaglieri de la division du gen. Manfredo Fanti et les batteries de l'artillerie pi\u00e9montaise du g\u00e9n. Durando arrive pour couvrir le flanc gauche alli\u00e9 et participe aux rafles dans la ville. Gyulaj comprend qu'il a perdu le match et se retire en pensant \u00e0 une contre-attaque qui ne se produira pas. Le soir du 4 juin, apr\u00e8s la bataille victorieuse, l'empereur Napol\u00e9on III nomme Mac Mahon mar\u00e9chal de France et duc de Magenta. Le soir, les Habsbourg abandonnent rapidement Milan avec des wagons et des convois ferroviaires. Des diff\u00e9rentes casernes de la ville au fief du Castello Sforzesco se succ\u00e8dent fr\u00e9n\u00e9tiquement les ordres de destruction de mat\u00e9riel et d'armements pour ne pas laisser tomber aux mains des Franco-Sardes. Le 8 juin 1859, alors que les Alli\u00e9s battent \u00e0 nouveau les Imp\u00e9riaux \u00e0 Melegnano, Napol\u00e9on III, empereur de France, et Vittorio Emanuele II, roi de Sardaigne, entrent \u00e0 Milan en d\u00e9filant sous l'Arc de la Paix, au Sempione pr\u00e9c\u00e9d\u00e9s du mar\u00e9chal Mac Mahon \u00e0 la t\u00eate des Gagnants magenta. A Magenta, dans un premier temps, l'arm\u00e9e franco-sarde a align\u00e9 58 000 soldats contre les 62 000 de l'arm\u00e9e imp\u00e9riale royale autrichienne. Les pertes fran\u00e7aises ce jour-l\u00e0 s'\u00e9levaient \u00e0 4 500 tandis que les Autrichiens avaient 10 000 hommes assomm\u00e9s. La bataille de Magenta, qui permit la lib\u00e9ration de Milan et de la Lombardie, marqua ainsi le d\u00e9but du voyage vers l'unification de l'Italie. L'histoire se passa ensuite le 24 juin sur les collines de Solf\u00e9rino et le 11 juillet \u00e0 Villafranca, pr\u00e8s de V\u00e9rone, o\u00f9 Napol\u00e9on III et Fran\u00e7ois-Joseph se rencontr\u00e8rent pour signer l'armistice qui marqua la fin de la seconde guerre d'ind\u00e9pendance italienne..<\/p>\n<p style=\"text-align: justify;\">Textes \u00e9dit\u00e9s par Pietro Pierrettori<\/p><\/div>\n\t\t\t<\/div>\n\t\t\t<\/div>\n\t\t\t\t\n\t\t\t\t\n\t\t\t\t\n\t\t\t\t\n\t\t\t<\/div>\n\t\t\t\t\n\t\t\t\t\n\t\t\t<\/div>\n","protected":false},"excerpt":{"rendered":"","protected":false},"author":1,"featured_media":0,"parent":0,"menu_order":0,"comment_status":"closed","ping_status":"closed","template":"","meta":{"_et_pb_use_builder":"on","_et_pb_old_content":"","_et_gb_content_width":"","footnotes":""},"class_list":["post-490","page","type-page","status-publish","hentry"],"_links":{"self":[{"href":"https:\/\/www.comitrdejumelage.ville-magenta.fr\/index.php\/wp-json\/wp\/v2\/pages\/490","targetHints":{"allow":["GET"]}}],"collection":[{"href":"https:\/\/www.comitrdejumelage.ville-magenta.fr\/index.php\/wp-json\/wp\/v2\/pages"}],"about":[{"href":"https:\/\/www.comitrdejumelage.ville-magenta.fr\/index.php\/wp-json\/wp\/v2\/types\/page"}],"author":[{"embeddable":true,"href":"https:\/\/www.comitrdejumelage.ville-magenta.fr\/index.php\/wp-json\/wp\/v2\/users\/1"}],"replies":[{"embeddable":true,"href":"https:\/\/www.comitrdejumelage.ville-magenta.fr\/index.php\/wp-json\/wp\/v2\/comments?post=490"}],"version-history":[{"count":7,"href":"https:\/\/www.comitrdejumelage.ville-magenta.fr\/index.php\/wp-json\/wp\/v2\/pages\/490\/revisions"}],"predecessor-version":[{"id":501,"href":"https:\/\/www.comitrdejumelage.ville-magenta.fr\/index.php\/wp-json\/wp\/v2\/pages\/490\/revisions\/501"}],"wp:attachment":[{"href":"https:\/\/www.comitrdejumelage.ville-magenta.fr\/index.php\/wp-json\/wp\/v2\/media?parent=490"}],"curies":[{"name":"wp","href":"https:\/\/api.w.org\/{rel}","templated":true}]}}