{"id":41,"date":"2019-05-08T06:18:44","date_gmt":"2019-05-08T04:18:44","guid":{"rendered":"http:\/\/ville-magenta.fr\/comitedejumelage\/?page_id=41"},"modified":"2026-04-06T11:23:40","modified_gmt":"2026-04-06T09:23:40","slug":"accueil","status":"publish","type":"page","link":"https:\/\/www.comitrdejumelage.ville-magenta.fr\/","title":{"rendered":"Accueil"},"content":{"rendered":"<div class=\"et_pb_section_0 et_pb_section et_section_regular et_block_section preset--module--divi-section--default\">\n<div class=\"et_pb_row_0 et_pb_row et_block_row\">\n<div class=\"et_pb_column_0 et_pb_column et_pb_column_4_4 et-last-child et_block_column et_pb_css_mix_blend_mode_passthrough\">\n<div class=\"et_pb_image_0 et_pb_image et_pb_module et_block_module\"><span class=\"et_pb_image_wrap\"><img loading=\"lazy\" decoding=\"async\" src=\"http:\/\/www.comitrdejumelage.ville-magenta.fr\/wp-content\/uploads\/2019\/05\/header-Jumelage.jpg\" width=\"1020\" height=\"210\" srcset=\"https:\/\/www.comitrdejumelage.ville-magenta.fr\/wp-content\/uploads\/2019\/05\/header-Jumelage.jpg 1020w, https:\/\/www.comitrdejumelage.ville-magenta.fr\/wp-content\/uploads\/2019\/05\/header-Jumelage-300x62.jpg 300w, https:\/\/www.comitrdejumelage.ville-magenta.fr\/wp-content\/uploads\/2019\/05\/header-Jumelage-768x158.jpg 768w\" sizes=\"(max-width: 1020px) 100vw, 1020px\" class=\"wp-image-57\" title=\"header Jumelage\" \/><\/span><\/div>\n<\/div>\n<\/div>\n\n<div class=\"et_pb_row_1 et_pb_row et_block_row\">\n<div class=\"et_pb_column_1 et_pb_column et_pb_column_4_4 et-last-child et_block_column et_pb_css_mix_blend_mode_passthrough\">\n<div class=\"et_pb_text_0 et_pb_text et_pb_bg_layout_light et_pb_module et_block_module\"><div class=\"et_pb_text_inner\"><p><strong>Accueil<\/strong><\/p>\n<\/div><\/div>\n\n<div class=\"et_pb_text_1 et_pb_text et_pb_bg_layout_light et_pb_module et_block_module\"><div class=\"et_pb_text_inner\"><h1><strong>Anniversaire des 15 ans de jumelage <\/strong><span style=\"color: #000000;\"><strong>4, 5 et 6 octobre 2024<\/strong><\/span><\/h1>\n<\/div><\/div>\n<\/div>\n<\/div>\n\n<div class=\"et_pb_row_2 et_pb_row et_block_row\">\n<div class=\"et_pb_column_2 et_pb_column et_pb_column_1_2 et_block_column et_pb_css_mix_blend_mode_passthrough\">\n<div class=\"et_pb_image_1 et_pb_image et_pb_module et_block_module\"><span class=\"et_pb_image_wrap\"><img loading=\"lazy\" decoding=\"async\" src=\"https:\/\/www.comitrdejumelage.ville-magenta.fr\/wp-content\/uploads\/2024\/10\/20241006_180254.jpg\" width=\"2250\" height=\"1699\" srcset=\"https:\/\/www.comitrdejumelage.ville-magenta.fr\/wp-content\/uploads\/2024\/10\/20241006_180254.jpg 2250w, https:\/\/www.comitrdejumelage.ville-magenta.fr\/wp-content\/uploads\/2024\/10\/20241006_180254-1280x967.jpg 1280w, https:\/\/www.comitrdejumelage.ville-magenta.fr\/wp-content\/uploads\/2024\/10\/20241006_180254-980x740.jpg 980w, https:\/\/www.comitrdejumelage.ville-magenta.fr\/wp-content\/uploads\/2024\/10\/20241006_180254-480x362.jpg 480w\" sizes=\"(min-width: 0px) and (max-width: 480px) 480px, (min-width: 481px) and (max-width: 980px) 980px, (min-width: 981px) and (max-width: 1280px) 1280px, (min-width: 1281px) 2250px, 100vw\" class=\"wp-image-514\" title=\"20241006_180254\" \/><\/span><\/div>\n<\/div>\n\n<div class=\"et_pb_column_3 et_pb_column et_pb_column_1_2 et-last-child et_block_column et_pb_css_mix_blend_mode_passthrough\">\n<div class=\"et_pb_text_2 et_pb_text et_pb_bg_layout_light et_pb_module et_block_module\"><div class=\"et_pb_text_inner\"><p>Grand succ\u00e8s pour l'anniversaire des 15 ans de jumelage (2009-2024) entre les communes de Magenta (France) et Magenta (Italie).<\/p>\n<p>&nbsp;<\/p>\n<p>Pour l'occasion, une d\u00e9l\u00e9gation italienne s'est d\u00e9plac\u00e9e sp\u00e9cialement. De nombreuses activit\u00e9s \u00e9taient au programme : visite de Pressoria, rencontre avec une coop\u00e9rative de champagne, promenade sur l'avenue de Champagne etc., le tout couronn\u00e9 par un concert offert par l'Harmonie des Tonneliers d'\u00c9pernay.<\/p>\n<p>Les frais de r\u00e9ception \u00e9taient enti\u00e8rement \u00e0 la charge du Comit\u00e9 de Jumelage.<\/p>\n<\/div><\/div>\n<\/div>\n<\/div>\n\n<div class=\"et_pb_row_3 et_pb_row et_block_row\">\n<div class=\"et_pb_column_4 et_pb_column et_pb_column_1_2 et_block_column et_pb_css_mix_blend_mode_passthrough\">\n<div class=\"et_pb_image_2 et_pb_image et_pb_module et_block_module\"><span class=\"et_pb_image_wrap\"><img loading=\"lazy\" decoding=\"async\" src=\"http:\/\/www.comitrdejumelage.ville-magenta.fr\/wp-content\/uploads\/2019\/05\/DSCF6129.jpg\" width=\"1024\" height=\"768\" srcset=\"https:\/\/www.comitrdejumelage.ville-magenta.fr\/wp-content\/uploads\/2019\/05\/DSCF6129.jpg 1024w, https:\/\/www.comitrdejumelage.ville-magenta.fr\/wp-content\/uploads\/2019\/05\/DSCF6129-300x225.jpg 300w, https:\/\/www.comitrdejumelage.ville-magenta.fr\/wp-content\/uploads\/2019\/05\/DSCF6129-768x576.jpg 768w, https:\/\/www.comitrdejumelage.ville-magenta.fr\/wp-content\/uploads\/2019\/05\/DSCF6129-510x382.jpg 510w\" sizes=\"(max-width: 1024px) 100vw, 1024px\" class=\"wp-image-225\" \/><\/span><\/div>\n<\/div>\n\n<div class=\"et_pb_column_5 et_pb_column et_pb_column_1_2 et-last-child et_block_column et_pb_css_mix_blend_mode_passthrough\">\n<div class=\"et_pb_text_3 et_pb_text et_pb_bg_layout_light et_pb_module et_block_module\"><div class=\"et_pb_text_inner\"><p style=\"text-align: justify;\">Suite \u00e0 l\u2019initiative de Pascale et Marjorie qui se sont d\u00e9plac\u00e9es \u00e0 Magenta Italie en septembre 2007 afin de contacter la Banda Civica en vue de l\u2019organisation d\u2019un festival de musique, la premi\u00e8re rencontre d\u00e9cisive a eu lieu au mois de mai l\u2019ann\u00e9e derni\u00e8re \u00e0 l\u2019occasion de ce Festival, o\u00f9 notre commune avait re\u00e7u la commune de Magenta Italie et les deux Maires avaient alors souhait\u00e9 un rapprochement.<br \/>La commune de Magenta Italie, par la voie de son Maire Luca DEL GOBBO, avait invit\u00e9 le Maire Laurent MADELINE \u00e0 participer \u00e0 l\u2019anniversaire de la Bataille de Magenta o\u00f9, l\u00e0 encore, des intentions de rapprochement avaient \u00e9t\u00e9 fortement \u00e9voqu\u00e9es.<br \/>La visite au mois d\u2019ao\u00fbt dernier de 2 repr\u00e9sentants du staff de Luca DEL GOBBO nous assuraient de toute leur sympathie.<br \/>Le 19 mars 2009, un courrier du Maire Luca DEL GOBBO nous disait ceci, je cite \u00ab je d\u00e9sire vous proposer un jumelage entre nos deux villes afin de constituer une r\u00e9ciprocit\u00e9 de relations privil\u00e9gi\u00e9es, finaliser l\u2019 intensification et la continuit\u00e9 des rapports culturels, sociaux et historiques d\u00e9j\u00e0 bien engag\u00e9s. Tenant compte de l\u2019\u00e9change culturel entre notre Harmonie Municipale et la Fanfare de la ville de Magenta qui se tiendra ici \u00e0 Magenta le 30 et 31 mai prochain, je proposerai que le jumelage soit officialis\u00e9 durant ce week-end \u00e0 travers une s\u00e9rie d\u2019\u00e9v\u00e9nements et de c\u00e9r\u00e9monies que nous concorderons ensemble.\u00bb<br \/>Difficile de refuser cette main tendue et, suite \u00e0 ce courrier et apr\u00e8s en avoir d\u00e9lib\u00e9r\u00e9, le conseil municipal a d\u00e9cid\u00e9 \u00e0 l\u2019unanimit\u00e9 :<br \/>\u2013 le jumelage avec la commune de MAGENTA situ\u00e9e en ITALIE.<\/p>\n<p style=\"text-align: justify;\">Le premier acte a donc eu lieu en Italie le 31 mai 2009 en pr\u00e9sence de Laurent MADELINE et deux de ses adjoints, et le deuxi\u00e8me acte a eu lieu \u00e0 Magenta France \u00e0 l\u2019occasion du 150\u00e8me anniversaire de la naissance du nom de notre commune le 14 novembre 2009.<\/p>\n<\/div><\/div>\n<\/div>\n<\/div>\n<\/div>","protected":false},"excerpt":{"rendered":"","protected":false},"author":1,"featured_media":0,"parent":0,"menu_order":0,"comment_status":"closed","ping_status":"closed","template":"","meta":{"footnotes":""},"class_list":["post-41","page","type-page","status-publish","hentry"],"_links":{"self":[{"href":"https:\/\/www.comitrdejumelage.ville-magenta.fr\/index.php\/wp-json\/wp\/v2\/pages\/41","targetHints":{"allow":["GET"]}}],"collection":[{"href":"https:\/\/www.comitrdejumelage.ville-magenta.fr\/index.php\/wp-json\/wp\/v2\/pages"}],"about":[{"href":"https:\/\/www.comitrdejumelage.ville-magenta.fr\/index.php\/wp-json\/wp\/v2\/types\/page"}],"author":[{"embeddable":true,"href":"https:\/\/www.comitrdejumelage.ville-magenta.fr\/index.php\/wp-json\/wp\/v2\/users\/1"}],"replies":[{"embeddable":true,"href":"https:\/\/www.comitrdejumelage.ville-magenta.fr\/index.php\/wp-json\/wp\/v2\/comments?post=41"}],"version-history":[{"count":42,"href":"https:\/\/www.comitrdejumelage.ville-magenta.fr\/index.php\/wp-json\/wp\/v2\/pages\/41\/revisions"}],"predecessor-version":[{"id":583,"href":"https:\/\/www.comitrdejumelage.ville-magenta.fr\/index.php\/wp-json\/wp\/v2\/pages\/41\/revisions\/583"}],"wp:attachment":[{"href":"https:\/\/www.comitrdejumelage.ville-magenta.fr\/index.php\/wp-json\/wp\/v2\/media?parent=41"}],"curies":[{"name":"wp","href":"https:\/\/api.w.org\/{rel}","templated":true}]}}