{"id":209,"date":"2019-05-14T06:55:27","date_gmt":"2019-05-14T04:55:27","guid":{"rendered":"http:\/\/ville-magenta.fr\/comitedejumelage\/?page_id=209"},"modified":"2022-06-04T06:49:29","modified_gmt":"2022-06-04T04:49:29","slug":"adherer","status":"publish","type":"page","link":"https:\/\/www.comitrdejumelage.ville-magenta.fr\/index.php\/adherer\/","title":{"rendered":"Adh\u00e9rer"},"content":{"rendered":"<div class=\"et_d4_element et_pb_section et_pb_section_0  et_pb_css_mix_blend_mode et_section_regular et_block_section\" >\n\t\t\t\t\n\t\t\t\t\n\t\t\t\t\n\t\t\t\t\n\t\t\t\t\n\t\t\t\t\n\t\t\t\t<div class=\"et_d4_element et_pb_row et_pb_row_0  et_pb_css_mix_blend_mode et_block_row\">\n\t\t\t\t<div class=\"et_d4_element et_pb_column_4_4 et_pb_column et_pb_column_0  et_pb_css_mix_blend_mode et-last-child et_block_column\">\n\t\t\t\t\n\t\t\t\t\n\t\t\t\t\n\t\t\t\t\n\t\t\t\t<div class=\"et_pb_module et_d4_element et_pb_text et_pb_text_0  et_pb_text_align_left et_pb_bg_layout_light\">\n\t\t\t\t\n\t\t\t\t\n\t\t\t\t\n\t\t\t\t\n\t\t\t\t<div class=\"et_pb_text_inner\"><p><strong>Adh\u00e9rer<\/strong><\/p><\/div>\n\t\t\t<\/div><div class=\"et_pb_module et_d4_element et_pb_text et_pb_text_1  et_pb_text_align_left et_pb_bg_layout_light\">\n\t\t\t\t\n\t\t\t\t\n\t\t\t\t\n\t\t\t\t\n\t\t\t\t<div class=\"et_pb_text_inner\"><p><span style=\"color: #000000;\">Adh\u00e9rer au Comit\u00e9 de Jumelage de Magenta:<\/span><\/p>\n<p><span style=\"color: #000000;\">L'esprit du Comit\u00e9 de Jumelage est:<\/span><\/p>\n<p><span style=\"color: #000000;\">\u00b7\u00a0\u00a0\u00a0\u00a0\u00a0\u00a0 Organiser des \u00e9changes avec Magenta Italie avec participation financi\u00e8re des participants<\/span><\/p>\n<p><span style=\"color: #000000;\">\u00b7\u00a0\u00a0\u00a0\u00a0\u00a0\u00a0 Organiser l'accueil des ressortissants de Magenta Italie dans les familles<\/span><\/p>\n<p><span style=\"color: #000000;\">\u00b7\u00a0\u00a0\u00a0\u00a0\u00a0\u00a0 Susciter, soutenir et favoriser toute activit\u00e9 des habitants de Magenta, de ses associations, \u00e9tablissements scolaires en relation avec le Jumelage.<\/span><\/p>\n<p><span style=\"color: #000000;\">L'adh\u00e9sion au Comit\u00e9 de Jumelage est subordonn\u00e9e au paiement de la cotisation individuelle annuelle.<\/span><\/p>\n<p><span style=\"color: #000000;\">Le montant de celle-ci est fix\u00e9 chaque ann\u00e9e par l'Assembl\u00e9e G\u00e9n\u00e9rale \u00e0 la majorit\u00e9 relative des membres pr\u00e9sents.<\/span><\/p>\n<p><span style=\"color: #000000;\">Le versement de la cotisation doit \u00eatre \u00e9tabli par ch\u00e8que \u00e0 l'ordre de l'association ou en esp\u00e8ces.<\/span><\/p>\n<p><span style=\"color: #000000;\">Elle devra \u00eatre acquitt\u00e9e au plus tard 3 mois apr\u00e8s la date de l'AG.<\/span><\/p>\n<p><span style=\"color: #000000;\">Si vous souhaitez adh\u00e9rer ou renouveler votre adh\u00e9sion cliquez<a href=\"http:\/\/www.ville-magenta.fr\/PDF_JUMELAGE\/FormulaireAdhesion.pdf\" target=\"_blank\" rel=\"noopener noreferrer\" style=\"color: #000000;\"> ici:<\/a><\/span><\/p><\/div>\n\t\t\t<\/div>\n\t\t\t<\/div>\n\t\t\t\t\n\t\t\t\t\n\t\t\t\t\n\t\t\t\t\n\t\t\t<\/div>\n\t\t\t\t\n\t\t\t\t\n\t\t\t<\/div>\n","protected":false},"excerpt":{"rendered":"","protected":false},"author":1,"featured_media":0,"parent":0,"menu_order":0,"comment_status":"closed","ping_status":"closed","template":"","meta":{"_et_pb_use_builder":"on","_et_pb_old_content":"","_et_gb_content_width":"","footnotes":""},"class_list":["post-209","page","type-page","status-publish","hentry"],"_links":{"self":[{"href":"https:\/\/www.comitrdejumelage.ville-magenta.fr\/index.php\/wp-json\/wp\/v2\/pages\/209","targetHints":{"allow":["GET"]}}],"collection":[{"href":"https:\/\/www.comitrdejumelage.ville-magenta.fr\/index.php\/wp-json\/wp\/v2\/pages"}],"about":[{"href":"https:\/\/www.comitrdejumelage.ville-magenta.fr\/index.php\/wp-json\/wp\/v2\/types\/page"}],"author":[{"embeddable":true,"href":"https:\/\/www.comitrdejumelage.ville-magenta.fr\/index.php\/wp-json\/wp\/v2\/users\/1"}],"replies":[{"embeddable":true,"href":"https:\/\/www.comitrdejumelage.ville-magenta.fr\/index.php\/wp-json\/wp\/v2\/comments?post=209"}],"version-history":[{"count":4,"href":"https:\/\/www.comitrdejumelage.ville-magenta.fr\/index.php\/wp-json\/wp\/v2\/pages\/209\/revisions"}],"predecessor-version":[{"id":392,"href":"https:\/\/www.comitrdejumelage.ville-magenta.fr\/index.php\/wp-json\/wp\/v2\/pages\/209\/revisions\/392"}],"wp:attachment":[{"href":"https:\/\/www.comitrdejumelage.ville-magenta.fr\/index.php\/wp-json\/wp\/v2\/media?parent=209"}],"curies":[{"name":"wp","href":"https:\/\/api.w.org\/{rel}","templated":true}]}}